{"id":580,"date":"2021-05-31T13:28:22","date_gmt":"2021-05-31T13:28:22","guid":{"rendered":"https:\/\/wpocean.com\/wp\/shiptar\/?page_id=580"},"modified":"2022-10-18T16:49:18","modified_gmt":"2022-10-18T16:49:18","slug":"misyon-2","status":"publish","type":"page","link":"https:\/\/ehl.com.tr\/index.php\/misyon-2\/","title":{"rendered":"Misyon"},"content":{"rendered":"\t\t<div data-elementor-type=\"wp-page\" data-elementor-id=\"580\" class=\"elementor elementor-580\">\n\t\t\t\t\t\t<section class=\"elementor-section elementor-top-section elementor-element elementor-element-4923a73 elementor-section-boxed elementor-section-height-default elementor-section-height-default\" data-id=\"4923a73\" data-element_type=\"section\" data-settings=\"{&quot;background_background&quot;:&quot;classic&quot;}\">\n\t\t\t\t\t\t<div class=\"elementor-container elementor-column-gap-default\">\n\t\t\t\t\t<div class=\"elementor-column elementor-col-100 elementor-top-column elementor-element elementor-element-0283f5c\" data-id=\"0283f5c\" data-element_type=\"column\">\n\t\t\t<div class=\"elementor-widget-wrap elementor-element-populated\">\n\t\t\t\t\t\t<div class=\"elementor-element elementor-element-b5915a2 elementor-drop-cap-yes elementor-drop-cap-view-default elementor-widget elementor-widget-text-editor\" data-id=\"b5915a2\" data-element_type=\"widget\" data-settings=\"{&quot;drop_cap&quot;:&quot;yes&quot;}\" data-widget_type=\"text-editor.default\">\n\t\t\t\t<div class=\"elementor-widget-container\">\n\t\t\t\t\t\t\t<p>Teknolojik geli\u015fimleri yak\u0131ndan takip ederek, m\u00fc\u015fterilerine katma de\u011ferli hizmetler sunan, geli\u015fime s\u00fcrekli yat\u0131r\u0131m yaparak, i\u015f s\u00fcre\u00e7 ve modellerini s\u00fcrekli geli\u015ftiren, m\u00fc\u015fterilere sundu\u011fu entegre lojistik \u00e7\u00f6z\u00fcmlerle \u00f6nc\u00fc, yap\u0131c\u0131 bir marka olu\u015fturmak. Teknoloji odakl\u0131, yenili\u011fe a\u00e7\u0131k ve s\u00fcrekli geli\u015fme politikas\u0131yla m\u00fc\u015fterilerimize e\u015fsiz deneyimler sunmak..<\/p>\t\t\t\t\t\t<\/div>\n\t\t\t\t<\/div>\n\t\t\t\t\t<\/div>\n\t\t<\/div>\n\t\t\t\t\t<\/div>\n\t\t<\/section>\n\t\t\t\t<section class=\"elementor-section elementor-top-section elementor-element elementor-element-9703646 elementor-section-boxed elementor-section-height-default elementor-section-height-default\" data-id=\"9703646\" data-element_type=\"section\">\n\t\t\t\t\t\t<div class=\"elementor-container elementor-column-gap-default\">\n\t\t\t\t\t<div class=\"elementor-column elementor-col-25 elementor-top-column elementor-element elementor-element-4c07240\" data-id=\"4c07240\" data-element_type=\"column\">\n\t\t\t<div class=\"elementor-widget-wrap elementor-element-populated\">\n\t\t\t\t\t\t<div class=\"elementor-element elementor-element-187b7e6 elementor-widget elementor-widget-heading\" data-id=\"187b7e6\" data-element_type=\"widget\" data-widget_type=\"heading.default\">\n\t\t\t\t<div class=\"elementor-widget-container\">\n\t\t\t<h3 class=\"elementor-heading-title elementor-size-default\">YE\u015e\u0130L B\u0130R GELECEK<\/h3>\t\t<\/div>\n\t\t\t\t<\/div>\n\t\t\t\t\t<\/div>\n\t\t<\/div>\n\t\t\t\t<div class=\"elementor-column elementor-col-25 elementor-top-column elementor-element elementor-element-d51203b\" data-id=\"d51203b\" data-element_type=\"column\">\n\t\t\t<div class=\"elementor-widget-wrap elementor-element-populated\">\n\t\t\t\t\t\t<div class=\"elementor-element elementor-element-c8a15d0 elementor-widget elementor-widget-heading\" data-id=\"c8a15d0\" data-element_type=\"widget\" data-widget_type=\"heading.default\">\n\t\t\t\t<div class=\"elementor-widget-container\">\n\t\t\t<h3 class=\"elementor-heading-title elementor-size-default\">G\u00dc\u00c7L\u00dc\nB\u0130R EK\u0130P<\/h3>\t\t<\/div>\n\t\t\t\t<\/div>\n\t\t\t\t\t<\/div>\n\t\t<\/div>\n\t\t\t\t<div class=\"elementor-column elementor-col-25 elementor-top-column elementor-element elementor-element-cf44e8f\" data-id=\"cf44e8f\" data-element_type=\"column\">\n\t\t\t<div class=\"elementor-widget-wrap elementor-element-populated\">\n\t\t\t\t\t\t<div class=\"elementor-element elementor-element-2f35f4e elementor-widget elementor-widget-heading\" data-id=\"2f35f4e\" data-element_type=\"widget\" data-widget_type=\"heading.default\">\n\t\t\t\t<div class=\"elementor-widget-container\">\n\t\t\t<h3 class=\"elementor-heading-title elementor-size-default\">UZUN S\u00dcREL\u0130\n\u0130\u015eB\u0130RL\u0130KLER\u0130\n<\/h3>\t\t<\/div>\n\t\t\t\t<\/div>\n\t\t\t\t\t<\/div>\n\t\t<\/div>\n\t\t\t\t<div class=\"elementor-column elementor-col-25 elementor-top-column elementor-element elementor-element-db3abc9\" data-id=\"db3abc9\" data-element_type=\"column\">\n\t\t\t<div class=\"elementor-widget-wrap elementor-element-populated\">\n\t\t\t\t\t\t<div class=\"elementor-element elementor-element-0cc3a8c elementor-widget elementor-widget-heading\" data-id=\"0cc3a8c\" data-element_type=\"widget\" data-widget_type=\"heading.default\">\n\t\t\t\t<div class=\"elementor-widget-container\">\n\t\t\t<h3 class=\"elementor-heading-title elementor-size-default\">TEKNOLOJ\u0130 VE\nYARATICILIK<\/h3>\t\t<\/div>\n\t\t\t\t<\/div>\n\t\t\t\t\t<\/div>\n\t\t<\/div>\n\t\t\t\t\t<\/div>\n\t\t<\/section>\n\t\t\t\t<section class=\"elementor-section elementor-top-section elementor-element elementor-element-533e1b4 elementor-section-boxed elementor-section-height-default elementor-section-height-default\" data-id=\"533e1b4\" data-element_type=\"section\">\n\t\t\t\t\t\t<div class=\"elementor-container elementor-column-gap-default\">\n\t\t\t\t\t<div class=\"elementor-column elementor-col-25 elementor-top-column elementor-element elementor-element-52ff563\" data-id=\"52ff563\" data-element_type=\"column\">\n\t\t\t<div class=\"elementor-widget-wrap elementor-element-populated\">\n\t\t\t\t\t\t<div class=\"elementor-element elementor-element-151165f elementor-widget elementor-widget-text-editor\" data-id=\"151165f\" data-element_type=\"widget\" data-widget_type=\"text-editor.default\">\n\t\t\t\t<div class=\"elementor-widget-container\">\n\t\t\t\t\t\t\t<p>D\u00fcnyam\u0131z\u0131 korumak<br \/>ad\u0131na CO2 ve enerji<br \/>t\u00fcketimine dikkat<br \/>etmektedir.<\/p>\t\t\t\t\t\t<\/div>\n\t\t\t\t<\/div>\n\t\t\t\t\t<\/div>\n\t\t<\/div>\n\t\t\t\t<div class=\"elementor-column elementor-col-25 elementor-top-column elementor-element elementor-element-53d4126\" data-id=\"53d4126\" data-element_type=\"column\">\n\t\t\t<div class=\"elementor-widget-wrap elementor-element-populated\">\n\t\t\t\t\t\t<div class=\"elementor-element elementor-element-fc65ae0 elementor-widget elementor-widget-text-editor\" data-id=\"fc65ae0\" data-element_type=\"widget\" data-widget_type=\"text-editor.default\">\n\t\t\t\t<div class=\"elementor-widget-container\">\n\t\t\t\t\t\t\t<p>Ekibini her ge\u00e7en<br \/>g\u00fcn g\u00fc\u00e7lendirmek<br \/>ad\u0131na \u00e7al\u0131\u015fmalar\u0131n\u0131<br \/>s\u00fcrd\u00fcrmektedir<\/p>\t\t\t\t\t\t<\/div>\n\t\t\t\t<\/div>\n\t\t\t\t\t<\/div>\n\t\t<\/div>\n\t\t\t\t<div class=\"elementor-column elementor-col-25 elementor-top-column elementor-element elementor-element-2474543\" data-id=\"2474543\" data-element_type=\"column\">\n\t\t\t<div class=\"elementor-widget-wrap elementor-element-populated\">\n\t\t\t\t\t\t<div class=\"elementor-element elementor-element-699652f elementor-widget elementor-widget-text-editor\" data-id=\"699652f\" data-element_type=\"widget\" data-widget_type=\"text-editor.default\">\n\t\t\t\t<div class=\"elementor-widget-container\">\n\t\t\t\t\t\t\t<p>Uzun s\u00fcreli i\u015fbirlikleri<br \/>sa\u011flayarak kazankazan d\u00fc\u015f\u00fcncesi ile<br \/>\u00e7al\u0131\u015fmaktad\u0131r.<\/p>\t\t\t\t\t\t<\/div>\n\t\t\t\t<\/div>\n\t\t\t\t\t<\/div>\n\t\t<\/div>\n\t\t\t\t<div class=\"elementor-column elementor-col-25 elementor-top-column elementor-element elementor-element-1cd522b\" data-id=\"1cd522b\" data-element_type=\"column\">\n\t\t\t<div class=\"elementor-widget-wrap elementor-element-populated\">\n\t\t\t\t\t\t<div class=\"elementor-element elementor-element-f3400e0 elementor-widget elementor-widget-text-editor\" data-id=\"f3400e0\" data-element_type=\"widget\" data-widget_type=\"text-editor.default\">\n\t\t\t\t<div class=\"elementor-widget-container\">\n\t\t\t\t\t\t\t<p>Son teknolojileri<br \/>takip edip, daima<br \/>\u00f6nc\u00fc olmaya devam<br \/>etmektedir.<\/p>\t\t\t\t\t\t<\/div>\n\t\t\t\t<\/div>\n\t\t\t\t\t<\/div>\n\t\t<\/div>\n\t\t\t\t\t<\/div>\n\t\t<\/section>\n\t\t\t\t<section class=\"elementor-section elementor-top-section elementor-element elementor-element-21bb18a elementor-section-boxed elementor-section-height-default elementor-section-height-default\" data-id=\"21bb18a\" data-element_type=\"section\" data-settings=\"{&quot;background_background&quot;:&quot;classic&quot;}\">\n\t\t\t\t\t\t<div class=\"elementor-container elementor-column-gap-default\">\n\t\t\t\t\t<div class=\"elementor-column elementor-col-100 elementor-top-column elementor-element elementor-element-4b2dbc4\" data-id=\"4b2dbc4\" data-element_type=\"column\">\n\t\t\t<div class=\"elementor-widget-wrap\">\n\t\t\t\t\t\t\t<\/div>\n\t\t<\/div>\n\t\t\t\t\t<\/div>\n\t\t<\/section>\n\t\t\t\t<\/div>\n\t\t","protected":false},"excerpt":{"rendered":"Teknolojik geli\u015fimleri yak\u0131ndan takip ederek, m\u00fc\u015fterilerine katma de\u011ferli hizmetler sunan, geli\u015fime s\u00fcrekli yat\u0131r\u0131m yaparak, i\u015f s\u00fcre\u00e7 ve modellerini s\u00fcrekli geli\u015ftiren, m\u00fc\u015fterilere sundu\u011fu entegre lojistik \u00e7\u00f6z\u00fcmlerle \u00f6nc\u00fc, yap\u0131c\u0131 bir marka olu\u015fturmak. Teknoloji odakl\u0131, yenili\u011fe a\u00e7\u0131k ve s\u00fcrekli geli\u015fme politikas\u0131yla m\u00fc\u015fterilerimize e\u015fsiz deneyimler sunmak.. YE\u015e\u0130L B\u0130R GELECEK G\u00dc\u00c7L\u00dc B\u0130R EK\u0130P UZUN S\u00dcREL\u0130 \u0130\u015eB\u0130RL\u0130KLER\u0130 TEKNOLOJ\u0130 VE YARATICILIK D\u00fcnyam\u0131z\u0131 ","protected":false},"author":1,"featured_media":0,"parent":0,"menu_order":0,"comment_status":"closed","ping_status":"closed","template":"elementor_header_footer","meta":{"inline_featured_image":false,"footnotes":""},"class_list":["post-580","page","type-page","status-publish","hentry"],"_links":{"self":[{"href":"https:\/\/ehl.com.tr\/index.php\/wp-json\/wp\/v2\/pages\/580","targetHints":{"allow":["GET"]}}],"collection":[{"href":"https:\/\/ehl.com.tr\/index.php\/wp-json\/wp\/v2\/pages"}],"about":[{"href":"https:\/\/ehl.com.tr\/index.php\/wp-json\/wp\/v2\/types\/page"}],"author":[{"embeddable":true,"href":"https:\/\/ehl.com.tr\/index.php\/wp-json\/wp\/v2\/users\/1"}],"replies":[{"embeddable":true,"href":"https:\/\/ehl.com.tr\/index.php\/wp-json\/wp\/v2\/comments?post=580"}],"version-history":[{"count":23,"href":"https:\/\/ehl.com.tr\/index.php\/wp-json\/wp\/v2\/pages\/580\/revisions"}],"predecessor-version":[{"id":848,"href":"https:\/\/ehl.com.tr\/index.php\/wp-json\/wp\/v2\/pages\/580\/revisions\/848"}],"wp:attachment":[{"href":"https:\/\/ehl.com.tr\/index.php\/wp-json\/wp\/v2\/media?parent=580"}],"curies":[{"name":"wp","href":"https:\/\/api.w.org\/{rel}","templated":true}]}}