{"id":20,"date":"2021-05-30T04:38:41","date_gmt":"2021-05-30T04:38:41","guid":{"rendered":"https:\/\/wpocean.com\/wp\/shiptar\/?page_id=20"},"modified":"2022-10-18T16:45:44","modified_gmt":"2022-10-18T16:45:44","slug":"hizmetlerimiz","status":"publish","type":"page","link":"https:\/\/ehl.com.tr\/index.php\/hizmetlerimiz\/","title":{"rendered":"Hizmetlerimiz"},"content":{"rendered":"\t\t<div data-elementor-type=\"wp-page\" data-elementor-id=\"20\" class=\"elementor elementor-20\">\n\t\t\t\t\t\t<section class=\"elementor-section elementor-top-section elementor-element elementor-element-42d56af elementor-section-boxed elementor-section-height-default elementor-section-height-default\" data-id=\"42d56af\" data-element_type=\"section\" data-settings=\"{&quot;background_background&quot;:&quot;classic&quot;}\">\n\t\t\t\t\t\t<div class=\"elementor-container elementor-column-gap-default\">\n\t\t\t\t\t<div class=\"elementor-column elementor-col-100 elementor-top-column elementor-element elementor-element-de67524\" data-id=\"de67524\" data-element_type=\"column\">\n\t\t\t<div class=\"elementor-widget-wrap elementor-element-populated\">\n\t\t\t\t\t\t<div class=\"elementor-element elementor-element-a00e687 elementor-widget elementor-widget-tmx-shiptar_title\" data-id=\"a00e687\" data-element_type=\"widget\" data-widget_type=\"tmx-shiptar_title.default\">\n\t\t\t\t<div class=\"elementor-widget-container\">\n\t\t\t\t\t<div class=\"section-title-area\">\n\t    <div class=\"section-title-s2 text-center\">\n\t      \t    <\/div>\n\t\t<\/div>\n\t\t\t\t<\/div>\n\t\t\t\t<\/div>\n\t\t\t\t<div class=\"elementor-element elementor-element-a7f7e3b elementor-widget elementor-widget-tmx-shiptar_service\" data-id=\"a7f7e3b\" data-element_type=\"widget\" data-widget_type=\"tmx-shiptar_service.default\">\n\t\t\t\t<div class=\"elementor-widget-container\">\n\t\t\t\t\t<div class=\"shiptar-services services-section-s2\">\n    \t<div class=\"services-grids clearfix\">\n      \t        <div class=\"grid\">\n        \t        \t\t<div class=\"icon\">\n                <i class=\"fi flaticon-ship\"><\/i>\n            <\/div>\t\n        \t            <h3><a href=\"https:\/\/ehl.com.tr\/index.php\/service\/denizyolu-tasimaciligi-2\/\">Denizyolu Ta\u015f\u0131mac\u0131l\u0131\u011f\u0131<\/a><\/h3>\n            <div class=\"service-count\">\n                <span><\/span>\n            <\/div>\n            <p>EHL Lojistik olarak tecr\u00fcbeli ekibimiz ve d\u00fcnya \u00e7ap\u0131ndaki yetkin acente a\u011flar\u0131m\u0131z ile her zaman <\/p>\n        <\/div>\n                <div class=\"grid\">\n        \t        \t\t<div class=\"icon\">\n                <i class=\"fi flaticon-plane\"><\/i>\n            <\/div>\t\n        \t            <h3><a href=\"https:\/\/ehl.com.tr\/index.php\/service\/havayolu-tasimaciligi-2\/\">Havayolu Ta\u015f\u0131mac\u0131l\u0131\u011f\u0131<\/a><\/h3>\n            <div class=\"service-count\">\n                <span><\/span>\n            <\/div>\n            <p>\u00dcyesi oldu\u011fumuz donan\u0131ml\u0131 ba\u011flant\u0131lar\u0131m\u0131z ile sa\u011flam alt yap\u0131m\u0131z sayesinde ak\u0131lc\u0131 lojistik \u00e7\u00f6z\u00fcmler \u00fcretmekteyiz.<\/p>\n        <\/div>\n                <div class=\"grid\">\n        \t        \t\t<div class=\"icon\">\n                <i class=\"fi flaticon-truck\"><\/i>\n            <\/div>\t\n        \t            <h3><a href=\"https:\/\/ehl.com.tr\/index.php\/service\/karayolu-tasimaciligi-2\/\">Karayolu Ta\u015f\u0131mac\u0131l\u0131\u011f\u0131<\/a><\/h3>\n            <div class=\"service-count\">\n                <span><\/span>\n            <\/div>\n            <p>Uluslararas\u0131 karayolu ta\u015f\u0131mac\u0131l\u0131k hizmetlerimizi, her sekt\u00f6r\u00fcn ihtiya\u00e7lar\u0131n\u0131n farkl\u0131 oldu\u011fu ger\u00e7e\u011fini g\u00f6z \u00f6n\u00fcnde bulundurarak ele <\/p>\n        <\/div>\n                <div class=\"grid\">\n        \t        \t\t<div class=\"icon\">\n                <i class=\"fi flaticon-construction-tool-vehicle-with-crane-lifting-materials\"><\/i>\n            <\/div>\t\n        \t            <h3><a href=\"https:\/\/ehl.com.tr\/index.php\/service\/proje-tasimaciligi-2\/\">Proje Ta\u015f\u0131mac\u0131l\u0131\u011f\u0131<\/a><\/h3>\n            <div class=\"service-count\">\n                <span><\/span>\n            <\/div>\n            <p>Proje ta\u015f\u0131mac\u0131l\u0131\u011f\u0131 alan\u0131nda uzman kadromuz ve g\u00fc\u00e7l\u00fc acente a\u011f\u0131m\u0131z ile m\u00fc\u015fterilerimize, ihtiya\u00e7lar\u0131na \u00f6zel \u00e7\u00f6z\u00fcmler <\/p>\n        <\/div>\n                <div class=\"grid\">\n        \t        \t\t<div class=\"icon\">\n                <i class=\"fi flaticon-box\"><\/i>\n            <\/div>\t\n        \t            <h3><a href=\"https:\/\/ehl.com.tr\/index.php\/service\/gumrukleme\/\">G\u00fcmr\u00fckleme<\/a><\/h3>\n            <div class=\"service-count\">\n                <span><\/span>\n            <\/div>\n            <p>ihtiya\u00e7 duyulan g\u00fcmr\u00fck i\u015flemleri, GT\u0130P tespiti ve \u00f6n m\u00fcsaadeleri alarak, m\u00fc\u015fterilerimize zamandan tasarruf sa\u011fl\u0131yoruz.<\/p>\n        <\/div>\n                <div class=\"grid\">\n        \t        \t\t<div class=\"icon\">\n                <i class=\"fi flaticon-trolley\"><\/i>\n            <\/div>\t\n        \t            <h3><a href=\"https:\/\/ehl.com.tr\/index.php\/service\/depolama-2\/\">Depolama<\/a><\/h3>\n            <div class=\"service-count\">\n                <span><\/span>\n            <\/div>\n            <p>EHL olarak hedefimiz, M\u00fc\u015fterilerimizin tedarik zinciri boyunca toplam operasyon maliyetlerinin azaltmas\u0131n\u0131 ve s\u00fcre\u00e7lerin iyile\u015ftirilmesini <\/p>\n        <\/div>\n              <\/div>\n\t\t<\/div>\n\t\t\t\t<\/div>\n\t\t\t\t<\/div>\n\t\t\t\t\t<\/div>\n\t\t<\/div>\n\t\t\t\t\t<\/div>\n\t\t<\/section>\n\t\t\t\t<\/div>\n\t\t","protected":false},"excerpt":{"rendered":"Proje Ta\u015f\u0131mac\u0131l\u0131\u011f\u0131 Proje ta\u015f\u0131mac\u0131l\u0131\u011f\u0131 alan\u0131nda uzman kadromuz ve g\u00fc\u00e7l\u00fc acente a\u011f\u0131m\u0131z ile m\u00fc\u015fterilerimize, ihtiya\u00e7lar\u0131na \u00f6zel \u00e7\u00f6z\u00fcmler G\u00fcmr\u00fckleme Tecr\u00fcbemiz ile m\u00fc\u015fterilerimize g\u00fcmr\u00fckleme sayesinde ticarete h\u0131z kazand\u0131r\u0131yoruz. Alan\u0131nda uzman tecr\u00fcbeli ekibimiz ile lojistik Karayolu Ta\u015f\u0131mac\u0131l\u0131\u011f\u0131 Uluslararas\u0131 karayolu ta\u015f\u0131mac\u0131l\u0131k hizmetlerimizi, her sekt\u00f6r\u00fcn ihtiya\u00e7lar\u0131n\u0131n farkl\u0131 oldu\u011fu ger\u00e7e\u011fini g\u00f6z \u00f6n\u00fcnde bulundurarak ele Havayolu Ta\u015f\u0131mac\u0131l\u0131\u011f\u0131 Geni\u015f acente a\u011f\u0131m\u0131z ve \u00fcyesi oldu\u011fumuz ","protected":false},"author":1,"featured_media":0,"parent":0,"menu_order":0,"comment_status":"closed","ping_status":"closed","template":"elementor_header_footer","meta":{"inline_featured_image":false,"footnotes":""},"class_list":["post-20","page","type-page","status-publish","hentry"],"_links":{"self":[{"href":"https:\/\/ehl.com.tr\/index.php\/wp-json\/wp\/v2\/pages\/20","targetHints":{"allow":["GET"]}}],"collection":[{"href":"https:\/\/ehl.com.tr\/index.php\/wp-json\/wp\/v2\/pages"}],"about":[{"href":"https:\/\/ehl.com.tr\/index.php\/wp-json\/wp\/v2\/types\/page"}],"author":[{"embeddable":true,"href":"https:\/\/ehl.com.tr\/index.php\/wp-json\/wp\/v2\/users\/1"}],"replies":[{"embeddable":true,"href":"https:\/\/ehl.com.tr\/index.php\/wp-json\/wp\/v2\/comments?post=20"}],"version-history":[{"count":11,"href":"https:\/\/ehl.com.tr\/index.php\/wp-json\/wp\/v2\/pages\/20\/revisions"}],"predecessor-version":[{"id":836,"href":"https:\/\/ehl.com.tr\/index.php\/wp-json\/wp\/v2\/pages\/20\/revisions\/836"}],"wp:attachment":[{"href":"https:\/\/ehl.com.tr\/index.php\/wp-json\/wp\/v2\/media?parent=20"}],"curies":[{"name":"wp","href":"https:\/\/api.w.org\/{rel}","templated":true}]}}