{"id":18,"date":"2021-05-30T04:38:23","date_gmt":"2021-05-30T04:38:23","guid":{"rendered":"https:\/\/wpocean.com\/wp\/shiptar\/?page_id=18"},"modified":"2022-10-18T13:13:36","modified_gmt":"2022-10-18T13:13:36","slug":"iletisim","status":"publish","type":"page","link":"https:\/\/ehl.com.tr\/index.php\/iletisim\/","title":{"rendered":"\u0130leti\u015fim"},"content":{"rendered":"\t\t<div data-elementor-type=\"wp-page\" data-elementor-id=\"18\" class=\"elementor elementor-18\">\n\t\t\t\t\t\t<section class=\"elementor-section elementor-top-section elementor-element elementor-element-6ae5330 elementor-section-boxed elementor-section-height-default elementor-section-height-default\" data-id=\"6ae5330\" data-element_type=\"section\">\n\t\t\t\t\t\t<div class=\"elementor-container elementor-column-gap-default\">\n\t\t\t\t\t<div class=\"elementor-column elementor-col-50 elementor-top-column elementor-element elementor-element-d180718\" data-id=\"d180718\" data-element_type=\"column\">\n\t\t\t<div class=\"elementor-widget-wrap elementor-element-populated\">\n\t\t\t\t\t\t<div class=\"elementor-element elementor-element-572bec7 elementor-widget elementor-widget-tmx-shiptar_contactinfo\" data-id=\"572bec7\" data-element_type=\"widget\" data-widget_type=\"tmx-shiptar_contactinfo.default\">\n\t\t\t\t<div class=\"elementor-widget-container\">\n\t\t\t\t\t<div class=\"contact-pg-contact-section\">\n\t\t    <div class=\"section-title-s3\">\n\t\t         <h2>\u0130leti\u015fim Bilgilerimiz<\/h2>\t\t    <\/div>\n\t\t    <div class=\"contact-details\">\n\t\t    \t <p>Lojistik sekt\u00f6r\u00fcnde, \u00fczerimize ald\u0131\u011f\u0131m\u0131z sorumlulu\u011fun bilinciyle, karayolu, havayolu ve denizyolu ta\u015f\u0131mac\u0131l\u0131k sekt\u00f6r\u00fcnde profesyonel \u00e7al\u0131\u015fanlar, teknolojik alt yap\u0131 ve kusursuz ileti\u015fim a\u011f\u0131m\u0131zla ile tam hizmet politikas\u0131 g\u00fcden bir kurum olarak faaliyet g\u00f6steriyoruz M\u00fc\u015fterilerimize, tedarik zincirinde rekabet\u00e7i lojistik \u00e7\u00f6z\u00fcmler ve s\u00fcrekli geli\u015ftirilen hizmetler sa\u011flayarak, m\u00fc\u015fterilerimizin \u00fcr\u00fcnlerinin de\u011ferini artt\u0131r\u0131yoruz.<\/p>\t\t        <ul>\n\t             \t\t            <li>\n\t\t               <div class=\"icon\">\n\t                  \t <i class=\"ti-location-pin\"><\/i>                  \t<\/div>\n                \t  <h5>Adres<\/h5><p>Sak\u0131za\u011fac\u0131 Mah. Kennedy Cad. Pruva 34 No:103\/9C Blok D:99 K:11 34142 Bak\u0131rk\u00f6y, Istanbul<\/p>\t\t            <\/li>\n\t\t\t\t\t\t\t\t\t            <li>\n\t\t               <div class=\"icon\">\n\t                  \t<img decoding=\"async\" src=\"http:\/\/wpocean.com\/wp\/shiptar\/wp-content\/uploads\/2021\/05\/call.svg\" alt=\"\">                  \t<\/div>\n                \t  <h5>Telefon<\/h5><p>+90 850 242 47 47<\/p>\t\t            <\/li>\n\t\t\t\t\t\t\t\t\t            <li>\n\t\t               <div class=\"icon\">\n\t                  \t<img decoding=\"async\" src=\"http:\/\/wpocean.com\/wp\/shiptar\/wp-content\/uploads\/2021\/05\/envelope.svg\" alt=\"\">                  \t<\/div>\n                \t  <h5>Email<\/h5><p>info@ehl.com.tr<\/p>\t\t            <\/li>\n\t\t\t\t\t\t\t\t\t        <\/ul>\n\t\t    <\/div>\n\t\t<\/div>\n\t\t\t\t<\/div>\n\t\t\t\t<\/div>\n\t\t\t\t\t<\/div>\n\t\t<\/div>\n\t\t\t\t<div class=\"elementor-column elementor-col-50 elementor-top-column elementor-element elementor-element-b83fea0\" data-id=\"b83fea0\" data-element_type=\"column\">\n\t\t\t<div class=\"elementor-widget-wrap elementor-element-populated\">\n\t\t\t\t\t\t<div class=\"elementor-element elementor-element-7724b90 elementor-widget elementor-widget-tmx-shiptar_contact_form\" data-id=\"7724b90\" data-element_type=\"widget\" data-widget_type=\"tmx-shiptar_contact_form.default\">\n\t\t\t\t<div class=\"elementor-widget-container\">\n\t\t\t\t\t <div class=\"sftr-contact contact-pg-contact-section contact-pg-section\">\n        <div class=\"contact-form-area\">\n\t        <div class=\"section-title-s3\">\n\t            <h2>\u0130leti\u015fim Formu<\/h2>\t        <\/div>\n\t\t      <div class=\"contact-form\">\n\t\t         \n<div class=\"wpcf7 no-js\" id=\"wpcf7-f522-o1\" lang=\"en-US\" dir=\"ltr\">\n<div class=\"screen-reader-response\"><p role=\"status\" aria-live=\"polite\" aria-atomic=\"true\"><\/p> <ul><\/ul><\/div>\n<form action=\"\/index.php\/wp-json\/wp\/v2\/pages\/18#wpcf7-f522-o1\" method=\"post\" class=\"wpcf7-form init\" aria-label=\"Contact form\" novalidate=\"novalidate\" data-status=\"init\">\n<div style=\"display: none;\">\n<input type=\"hidden\" name=\"_wpcf7\" value=\"522\" \/>\n<input type=\"hidden\" name=\"_wpcf7_version\" value=\"5.9.8\" \/>\n<input type=\"hidden\" name=\"_wpcf7_locale\" value=\"en_US\" \/>\n<input type=\"hidden\" name=\"_wpcf7_unit_tag\" value=\"wpcf7-f522-o1\" \/>\n<input type=\"hidden\" name=\"_wpcf7_container_post\" value=\"0\" \/>\n<input type=\"hidden\" name=\"_wpcf7_posted_data_hash\" value=\"\" \/>\n<\/div>\n<div>\n\t<p><span class=\"wpcf7-form-control-wrap\" data-name=\"text-522\"><input size=\"40\" maxlength=\"400\" class=\"wpcf7-form-control wpcf7-text wpcf7-validates-as-required form-control\" aria-required=\"true\" aria-invalid=\"false\" placeholder=\"Ad\u0131n\u0131z Soyad\u0131n\u0131z\" value=\"\" type=\"text\" name=\"text-522\" \/><\/span>\n\t<\/p>\n<\/div>\n<div>\n\t<p><span class=\"wpcf7-form-control-wrap\" data-name=\"email-628\"><input size=\"40\" maxlength=\"400\" class=\"wpcf7-form-control wpcf7-email wpcf7-validates-as-required wpcf7-text wpcf7-validates-as-email form-control\" aria-required=\"true\" aria-invalid=\"false\" placeholder=\"Email Adresiniz\" value=\"\" type=\"email\" name=\"email-628\" \/><\/span>\n\t<\/p>\n<\/div>\n<div>\n\t<p><span class=\"wpcf7-form-control-wrap\" data-name=\"text-349\"><input size=\"40\" maxlength=\"400\" class=\"wpcf7-form-control wpcf7-text wpcf7-validates-as-required form-control\" aria-required=\"true\" aria-invalid=\"false\" placeholder=\"Telefon Numaran\u0131z\" value=\"\" type=\"text\" name=\"text-349\" \/><\/span>\n\t<\/p>\n<\/div>\n<div class=\"comment-area\">\n\t<p><span class=\"wpcf7-form-control-wrap\" data-name=\"textarea-412\"><textarea cols=\"40\" rows=\"10\" maxlength=\"2000\" class=\"wpcf7-form-control wpcf7-textarea wpcf7-validates-as-required form-control\" aria-required=\"true\" aria-invalid=\"false\" placeholder=\"A\u00e7\u0131klama\" name=\"textarea-412\"><\/textarea><\/span>\n\t<\/p>\n<\/div>\n<div class=\"submit-area\">\n\t<p><input class=\"wpcf7-form-control wpcf7-submit has-spinner theme-btn-s2\" type=\"submit\" value=\"G\u00f6nder\" \/>\n\t<\/p>\n<\/div><div class=\"wpcf7-response-output\" aria-hidden=\"true\"><\/div>\n<\/form>\n<\/div>\n\t\t      <\/div>\n\t      <\/div>\n    \t<\/div>\n\t\t\t\t<\/div>\n\t\t\t\t<\/div>\n\t\t\t\t\t<\/div>\n\t\t<\/div>\n\t\t\t\t\t<\/div>\n\t\t<\/section>\n\t\t\t\t<section class=\"elementor-section elementor-top-section elementor-element elementor-element-3ef061d elementor-section-boxed elementor-section-height-default elementor-section-height-default\" data-id=\"3ef061d\" data-element_type=\"section\">\n\t\t\t\t\t\t<div class=\"elementor-container elementor-column-gap-default\">\n\t\t\t\t\t<div class=\"elementor-column elementor-col-100 elementor-top-column elementor-element elementor-element-cef9f1e\" data-id=\"cef9f1e\" data-element_type=\"column\">\n\t\t\t<div class=\"elementor-widget-wrap elementor-element-populated\">\n\t\t\t\t\t\t<div class=\"elementor-element elementor-element-e46ee42 elementor-widget elementor-widget-google_maps\" data-id=\"e46ee42\" data-element_type=\"widget\" data-widget_type=\"google_maps.default\">\n\t\t\t\t<div class=\"elementor-widget-container\">\n\t\t\t\t\t<div class=\"elementor-custom-embed\">\n\t\t\t<iframe loading=\"lazy\"\n\t\t\t\t\tsrc=\"https:\/\/maps.google.com\/maps?q=Sak%C4%B1za%C4%9Fac%C4%B1%20Mah.%20Kennedy%20Cad.%20Pruva%2034%20No%3A103%2F9C%20Blok%20D%3A99%20K%3A11%2034142%20Bak%C4%B1rk%C3%B6y%2C%20Istanbul&#038;t=m&#038;z=15&#038;output=embed&#038;iwloc=near\"\n\t\t\t\t\ttitle=\"Sak\u0131za\u011fac\u0131 Mah. Kennedy Cad. Pruva 34 No:103\/9C Blok D:99 K:11 34142 Bak\u0131rk\u00f6y, Istanbul\"\n\t\t\t\t\taria-label=\"Sak\u0131za\u011fac\u0131 Mah. Kennedy Cad. Pruva 34 No:103\/9C Blok D:99 K:11 34142 Bak\u0131rk\u00f6y, Istanbul\"\n\t\t\t><\/iframe>\n\t\t<\/div>\n\t\t\t\t<\/div>\n\t\t\t\t<\/div>\n\t\t\t\t\t<\/div>\n\t\t<\/div>\n\t\t\t\t\t<\/div>\n\t\t<\/section>\n\t\t\t\t<\/div>\n\t\t","protected":false},"excerpt":{"rendered":"\u0130leti\u015fim Bilgilerimiz Lojistik sekt\u00f6r\u00fcnde, \u00fczerimize ald\u0131\u011f\u0131m\u0131z sorumlulu\u011fun bilinciyle, karayolu, havayolu ve denizyolu ta\u015f\u0131mac\u0131l\u0131k sekt\u00f6r\u00fcnde profesyonel \u00e7al\u0131\u015fanlar, teknolojik alt yap\u0131 ve kusursuz ileti\u015fim a\u011f\u0131m\u0131zla ile tam hizmet politikas\u0131 g\u00fcden bir kurum olarak faaliyet g\u00f6steriyoruz M\u00fc\u015fterilerimize, tedarik zincirinde rekabet\u00e7i lojistik \u00e7\u00f6z\u00fcmler ve s\u00fcrekli geli\u015ftirilen hizmetler sa\u011flayarak, m\u00fc\u015fterilerimizin \u00fcr\u00fcnlerinin de\u011ferini artt\u0131r\u0131yoruz. Adres Sak\u0131za\u011fac\u0131 Mah. Kennedy Cad. Pruva 34 ","protected":false},"author":1,"featured_media":0,"parent":0,"menu_order":0,"comment_status":"closed","ping_status":"closed","template":"elementor_header_footer","meta":{"inline_featured_image":false,"footnotes":""},"class_list":["post-18","page","type-page","status-publish","hentry"],"_links":{"self":[{"href":"https:\/\/ehl.com.tr\/index.php\/wp-json\/wp\/v2\/pages\/18","targetHints":{"allow":["GET"]}}],"collection":[{"href":"https:\/\/ehl.com.tr\/index.php\/wp-json\/wp\/v2\/pages"}],"about":[{"href":"https:\/\/ehl.com.tr\/index.php\/wp-json\/wp\/v2\/types\/page"}],"author":[{"embeddable":true,"href":"https:\/\/ehl.com.tr\/index.php\/wp-json\/wp\/v2\/users\/1"}],"replies":[{"embeddable":true,"href":"https:\/\/ehl.com.tr\/index.php\/wp-json\/wp\/v2\/comments?post=18"}],"version-history":[{"count":12,"href":"https:\/\/ehl.com.tr\/index.php\/wp-json\/wp\/v2\/pages\/18\/revisions"}],"predecessor-version":[{"id":753,"href":"https:\/\/ehl.com.tr\/index.php\/wp-json\/wp\/v2\/pages\/18\/revisions\/753"}],"wp:attachment":[{"href":"https:\/\/ehl.com.tr\/index.php\/wp-json\/wp\/v2\/media?parent=18"}],"curies":[{"name":"wp","href":"https:\/\/api.w.org\/{rel}","templated":true}]}}