{"id":16,"date":"2021-05-30T04:38:10","date_gmt":"2021-05-30T04:38:10","guid":{"rendered":"https:\/\/wpocean.com\/wp\/shiptar\/?page_id=16"},"modified":"2022-10-18T17:37:51","modified_gmt":"2022-10-18T17:37:51","slug":"kurumsal","status":"publish","type":"page","link":"https:\/\/ehl.com.tr\/index.php\/kurumsal\/","title":{"rendered":"Kurumsal"},"content":{"rendered":"\t\t<div data-elementor-type=\"wp-page\" data-elementor-id=\"16\" class=\"elementor elementor-16\">\n\t\t\t\t\t\t<section class=\"elementor-section elementor-top-section elementor-element elementor-element-b8b8e44 elementor-section-boxed elementor-section-height-default elementor-section-height-default\" data-id=\"b8b8e44\" data-element_type=\"section\">\n\t\t\t\t\t\t<div class=\"elementor-container elementor-column-gap-default\">\n\t\t\t\t\t<div class=\"elementor-column elementor-col-100 elementor-top-column elementor-element elementor-element-36d1f17\" data-id=\"36d1f17\" data-element_type=\"column\">\n\t\t\t<div class=\"elementor-widget-wrap elementor-element-populated\">\n\t\t\t\t\t\t<div class=\"elementor-element elementor-element-362d01e elementor-widget elementor-widget-spacer\" data-id=\"362d01e\" data-element_type=\"widget\" data-widget_type=\"spacer.default\">\n\t\t\t\t<div class=\"elementor-widget-container\">\n\t\t\t\t\t<div class=\"elementor-spacer\">\n\t\t\t<div class=\"elementor-spacer-inner\"><\/div>\n\t\t<\/div>\n\t\t\t\t<\/div>\n\t\t\t\t<\/div>\n\t\t\t\t\t<\/div>\n\t\t<\/div>\n\t\t\t\t\t<\/div>\n\t\t<\/section>\n\t\t\t\t<section class=\"elementor-section elementor-top-section elementor-element elementor-element-1ccccf0 elementor-section-boxed elementor-section-height-default elementor-section-height-default\" data-id=\"1ccccf0\" data-element_type=\"section\">\n\t\t\t\t\t\t<div class=\"elementor-container elementor-column-gap-default\">\n\t\t\t\t\t<div class=\"elementor-column elementor-col-100 elementor-top-column elementor-element elementor-element-a3d90d3\" data-id=\"a3d90d3\" data-element_type=\"column\">\n\t\t\t<div class=\"elementor-widget-wrap elementor-element-populated\">\n\t\t\t\t\t\t\t<\/div>\n\t\t<\/div>\n\t\t\t\t\t<\/div>\n\t\t<\/section>\n\t\t\t\t<section class=\"elementor-section elementor-top-section elementor-element elementor-element-9dcfb82 elementor-section-boxed elementor-section-height-default elementor-section-height-default\" data-id=\"9dcfb82\" data-element_type=\"section\">\n\t\t\t\t\t\t<div class=\"elementor-container elementor-column-gap-default\">\n\t\t\t\t\t<div class=\"elementor-column elementor-col-100 elementor-top-column elementor-element elementor-element-098fed2\" data-id=\"098fed2\" data-element_type=\"column\">\n\t\t\t<div class=\"elementor-widget-wrap\">\n\t\t\t\t\t\t\t<\/div>\n\t\t<\/div>\n\t\t\t\t\t<\/div>\n\t\t<\/section>\n\t\t\t\t<section class=\"elementor-section elementor-top-section elementor-element elementor-element-3e1d8f7 elementor-section-boxed elementor-section-height-default elementor-section-height-default\" data-id=\"3e1d8f7\" data-element_type=\"section\">\n\t\t\t\t\t\t<div class=\"elementor-container elementor-column-gap-default\">\n\t\t\t\t\t<div class=\"elementor-column elementor-col-50 elementor-top-column elementor-element elementor-element-4735e7e\" data-id=\"4735e7e\" data-element_type=\"column\">\n\t\t\t<div class=\"elementor-widget-wrap elementor-element-populated\">\n\t\t\t\t\t\t<div class=\"elementor-element elementor-element-e5c0637 elementor-drop-cap-yes elementor-drop-cap-view-default elementor-widget elementor-widget-text-editor\" data-id=\"e5c0637\" data-element_type=\"widget\" data-settings=\"{&quot;drop_cap&quot;:&quot;yes&quot;}\" data-widget_type=\"text-editor.default\">\n\t\t\t\t<div class=\"elementor-widget-container\">\n\t\t\t\t\t\t\t<ul><li>Lojistik sekt\u00f6r\u00fcnde, \u00fczerimize ald\u0131\u011f\u0131m\u0131z sorumlulu\u011fun bilinciyle, karayolu, havayolu ve denizyolu ta\u015f\u0131mac\u0131l\u0131k sekt\u00f6r\u00fcnde profesyonel \u00e7al\u0131\u015fanlar, teknolojik alt yap\u0131 ve kusursuz ileti\u015fim a\u011f\u0131m\u0131zla ile tam hizmet politikas\u0131 g\u00fcden bir kurum olarak faaliyet g\u00f6steriyoruz<\/li><li>M\u00fc\u015fterilerimize, tedarik zincirinderekabet\u00e7i lojistik \u00e7\u00f6z\u00fcmler ve s\u00fcrekli geli\u015ftirilen hizmetler sa\u011flayarak ,m\u00fc\u015fterilerimizin \u00fcr\u00fcnlerinin de\u011ferini artt\u0131r\u0131yoruz.<\/li><\/ul>\t\t\t\t\t\t<\/div>\n\t\t\t\t<\/div>\n\t\t\t\t\t<\/div>\n\t\t<\/div>\n\t\t\t\t<div class=\"elementor-column elementor-col-50 elementor-top-column elementor-element elementor-element-4584071\" data-id=\"4584071\" data-element_type=\"column\">\n\t\t\t<div class=\"elementor-widget-wrap elementor-element-populated\">\n\t\t\t\t\t\t<div class=\"elementor-element elementor-element-bbbc27f elementor-drop-cap-yes elementor-drop-cap-view-default elementor-widget elementor-widget-text-editor\" data-id=\"bbbc27f\" data-element_type=\"widget\" data-settings=\"{&quot;drop_cap&quot;:&quot;yes&quot;}\" data-widget_type=\"text-editor.default\">\n\t\t\t\t<div class=\"elementor-widget-container\">\n\t\t\t\t\t\t\t<ul><li>Kara yolu, hava yolu, deniz yolu ta\u015f\u0131malar\u0131n\u0131z i\u00e7in tek elden komple hizmet \u00e7\u00f6z\u00fcmleri,<\/li><li>G\u00fcmr\u00fckl\u00fc \/ serbest depo hizmetleri, T\u00fcrkiye Orta Do\u011fu, Afrika ve Avrupa aras\u0131nda \u00e7ift y\u00f6nl\u00fc lojistik ta\u015f\u0131ma ihtiya\u00e7lar\u0131n\u0131za \u00e7\u00f6z\u00fcm \u00fcreten organizasyon,<\/li><li>Komple (FTL) veya Parsiyel (LTL) ta\u015f\u0131mac\u0131l\u0131k hizmetleri,<\/li><li>ADR\u2019li ta\u015f\u0131ma \u00e7\u00f6z\u00fcmleri (ekipmanlar ve e\u011fitimli \u015fof\u00f6rler),<\/li><li>Proje ta\u015f\u0131mac\u0131l\u0131k hizmetleri,<\/li><li>Geni\u015f ve \u00f6zenle se\u00e7ilmi\u015f acente a\u011f\u0131,<\/li><li>Express\u00bb &amp; \u00abUltra Express\u00bb \u00e7\u00f6z\u00fcm alternatifleri,<\/li><\/ul>\t\t\t\t\t\t<\/div>\n\t\t\t\t<\/div>\n\t\t\t\t\t<\/div>\n\t\t<\/div>\n\t\t\t\t\t<\/div>\n\t\t<\/section>\n\t\t\t\t<section class=\"elementor-section elementor-top-section elementor-element elementor-element-752694d elementor-section-boxed elementor-section-height-default elementor-section-height-default\" data-id=\"752694d\" data-element_type=\"section\">\n\t\t\t\t\t\t<div class=\"elementor-container elementor-column-gap-default\">\n\t\t\t\t\t<div class=\"elementor-column elementor-col-100 elementor-top-column elementor-element elementor-element-7656542\" data-id=\"7656542\" data-element_type=\"column\">\n\t\t\t<div class=\"elementor-widget-wrap elementor-element-populated\">\n\t\t\t\t\t\t<div class=\"elementor-element elementor-element-6cb24cd elementor-widget elementor-widget-spacer\" data-id=\"6cb24cd\" data-element_type=\"widget\" data-widget_type=\"spacer.default\">\n\t\t\t\t<div class=\"elementor-widget-container\">\n\t\t\t\t\t<div class=\"elementor-spacer\">\n\t\t\t<div class=\"elementor-spacer-inner\"><\/div>\n\t\t<\/div>\n\t\t\t\t<\/div>\n\t\t\t\t<\/div>\n\t\t\t\t\t<\/div>\n\t\t<\/div>\n\t\t\t\t\t<\/div>\n\t\t<\/section>\n\t\t\t\t<\/div>\n\t\t","protected":false},"excerpt":{"rendered":"Lojistik sekt\u00f6r\u00fcnde, \u00fczerimize ald\u0131\u011f\u0131m\u0131z sorumlulu\u011fun bilinciyle, karayolu, havayolu ve denizyolu ta\u015f\u0131mac\u0131l\u0131k sekt\u00f6r\u00fcnde profesyonel \u00e7al\u0131\u015fanlar, teknolojik alt yap\u0131 ve kusursuz ileti\u015fim a\u011f\u0131m\u0131zla ile tam hizmet politikas\u0131 g\u00fcden bir kurum olarak faaliyet g\u00f6steriyoruz M\u00fc\u015fterilerimize, tedarik zincirinderekabet\u00e7i lojistik \u00e7\u00f6z\u00fcmler ve s\u00fcrekli geli\u015ftirilen hizmetler sa\u011flayarak ,m\u00fc\u015fterilerimizin \u00fcr\u00fcnlerinin de\u011ferini artt\u0131r\u0131yoruz. Kara yolu, hava yolu, deniz yolu ta\u015f\u0131malar\u0131n\u0131z i\u00e7in tek elden ","protected":false},"author":1,"featured_media":0,"parent":0,"menu_order":0,"comment_status":"closed","ping_status":"closed","template":"elementor_header_footer","meta":{"inline_featured_image":false,"footnotes":""},"class_list":["post-16","page","type-page","status-publish","hentry"],"_links":{"self":[{"href":"https:\/\/ehl.com.tr\/index.php\/wp-json\/wp\/v2\/pages\/16","targetHints":{"allow":["GET"]}}],"collection":[{"href":"https:\/\/ehl.com.tr\/index.php\/wp-json\/wp\/v2\/pages"}],"about":[{"href":"https:\/\/ehl.com.tr\/index.php\/wp-json\/wp\/v2\/types\/page"}],"author":[{"embeddable":true,"href":"https:\/\/ehl.com.tr\/index.php\/wp-json\/wp\/v2\/users\/1"}],"replies":[{"embeddable":true,"href":"https:\/\/ehl.com.tr\/index.php\/wp-json\/wp\/v2\/comments?post=16"}],"version-history":[{"count":25,"href":"https:\/\/ehl.com.tr\/index.php\/wp-json\/wp\/v2\/pages\/16\/revisions"}],"predecessor-version":[{"id":882,"href":"https:\/\/ehl.com.tr\/index.php\/wp-json\/wp\/v2\/pages\/16\/revisions\/882"}],"wp:attachment":[{"href":"https:\/\/ehl.com.tr\/index.php\/wp-json\/wp\/v2\/media?parent=16"}],"curies":[{"name":"wp","href":"https:\/\/api.w.org\/{rel}","templated":true}]}}