{"id":1011,"date":"2023-01-11T14:30:34","date_gmt":"2023-01-11T14:30:34","guid":{"rendered":"https:\/\/ehl.com.tr\/?page_id=1011"},"modified":"2023-01-11T15:02:15","modified_gmt":"2023-01-11T15:02:15","slug":"is-makinasi-tasimaciligi","status":"publish","type":"page","link":"https:\/\/ehl.com.tr\/index.php\/is-makinasi-tasimaciligi\/","title":{"rendered":"<a href=\"https:\/\/ehl.com.tr\/wp-admin\/post.php?post=453&amp;action=edit\">\u0130\u015e MAK\u0130NASI TA\u015eIMACILI\u011eI<\/a>"},"content":{"rendered":"<figure class=\"wp-block-gallery has-nested-images columns-default is-cropped wp-block-gallery-1 is-layout-flex wp-block-gallery-is-layout-flex\"><figure class=\"wp-block-image size-large\"><img fetchpriority=\"high\" decoding=\"async\" width=\"1024\" height=\"797\" data-id=\"1048\" src=\"https:\/\/ehl.com.tr\/wp-content\/uploads\/2023\/01\/WhatsApp-Image-2022-06-28-at-10.05.04-1024x797.jpeg\" alt=\"\" class=\"wp-image-1048\" srcset=\"https:\/\/ehl.com.tr\/wp-content\/uploads\/2023\/01\/WhatsApp-Image-2022-06-28-at-10.05.04-1024x797.jpeg 1024w, https:\/\/ehl.com.tr\/wp-content\/uploads\/2023\/01\/WhatsApp-Image-2022-06-28-at-10.05.04-300x234.jpeg 300w, https:\/\/ehl.com.tr\/wp-content\/uploads\/2023\/01\/WhatsApp-Image-2022-06-28-at-10.05.04-768x598.jpeg 768w, https:\/\/ehl.com.tr\/wp-content\/uploads\/2023\/01\/WhatsApp-Image-2022-06-28-at-10.05.04-600x467.jpeg 600w, https:\/\/ehl.com.tr\/wp-content\/uploads\/2023\/01\/WhatsApp-Image-2022-06-28-at-10.05.04.jpeg 1200w\" sizes=\"(max-width: 1024px) 100vw, 1024px\" \/><\/figure>\n\n<figure class=\"wp-block-image size-large\"><img decoding=\"async\" width=\"1024\" height=\"1024\" data-id=\"1049\" src=\"https:\/\/ehl.com.tr\/wp-content\/uploads\/2023\/01\/WhatsApp-Image-2022-06-28-at-10.05.06-1024x1024.jpeg\" alt=\"\" class=\"wp-image-1049\" srcset=\"https:\/\/ehl.com.tr\/wp-content\/uploads\/2023\/01\/WhatsApp-Image-2022-06-28-at-10.05.06-1024x1024.jpeg 1024w, https:\/\/ehl.com.tr\/wp-content\/uploads\/2023\/01\/WhatsApp-Image-2022-06-28-at-10.05.06-300x300.jpeg 300w, https:\/\/ehl.com.tr\/wp-content\/uploads\/2023\/01\/WhatsApp-Image-2022-06-28-at-10.05.06-150x150.jpeg 150w, https:\/\/ehl.com.tr\/wp-content\/uploads\/2023\/01\/WhatsApp-Image-2022-06-28-at-10.05.06-768x768.jpeg 768w, https:\/\/ehl.com.tr\/wp-content\/uploads\/2023\/01\/WhatsApp-Image-2022-06-28-at-10.05.06-600x600.jpeg 600w, https:\/\/ehl.com.tr\/wp-content\/uploads\/2023\/01\/WhatsApp-Image-2022-06-28-at-10.05.06-100x100.jpeg 100w, https:\/\/ehl.com.tr\/wp-content\/uploads\/2023\/01\/WhatsApp-Image-2022-06-28-at-10.05.06.jpeg 1200w\" sizes=\"(max-width: 1024px) 100vw, 1024px\" \/><\/figure>\n\n<figure class=\"wp-block-image size-large\"><img decoding=\"async\" width=\"768\" height=\"1024\" data-id=\"1050\" src=\"https:\/\/ehl.com.tr\/wp-content\/uploads\/2023\/01\/3-768x1024.jpeg\" alt=\"\" class=\"wp-image-1050\" srcset=\"https:\/\/ehl.com.tr\/wp-content\/uploads\/2023\/01\/3-768x1024.jpeg 768w, https:\/\/ehl.com.tr\/wp-content\/uploads\/2023\/01\/3-225x300.jpeg 225w, https:\/\/ehl.com.tr\/wp-content\/uploads\/2023\/01\/3-1152x1536.jpeg 1152w, https:\/\/ehl.com.tr\/wp-content\/uploads\/2023\/01\/3-600x800.jpeg 600w, https:\/\/ehl.com.tr\/wp-content\/uploads\/2023\/01\/3.jpeg 1200w\" sizes=\"(max-width: 768px) 100vw, 768px\" \/><\/figure>\n\n<figure class=\"wp-block-image size-large\"><img loading=\"lazy\" decoding=\"async\" width=\"1024\" height=\"768\" data-id=\"1051\" src=\"https:\/\/ehl.com.tr\/wp-content\/uploads\/2023\/01\/4-1024x768.jpeg\" alt=\"\" class=\"wp-image-1051\" srcset=\"https:\/\/ehl.com.tr\/wp-content\/uploads\/2023\/01\/4-1024x768.jpeg 1024w, https:\/\/ehl.com.tr\/wp-content\/uploads\/2023\/01\/4-300x225.jpeg 300w, https:\/\/ehl.com.tr\/wp-content\/uploads\/2023\/01\/4-768x576.jpeg 768w, https:\/\/ehl.com.tr\/wp-content\/uploads\/2023\/01\/4-1536x1152.jpeg 1536w, https:\/\/ehl.com.tr\/wp-content\/uploads\/2023\/01\/4-600x450.jpeg 600w, https:\/\/ehl.com.tr\/wp-content\/uploads\/2023\/01\/4.jpeg 1600w\" sizes=\"(max-width: 1024px) 100vw, 1024px\" \/><\/figure>\n\n<figure class=\"wp-block-image size-large\"><img loading=\"lazy\" decoding=\"async\" width=\"768\" height=\"1024\" data-id=\"1052\" src=\"https:\/\/ehl.com.tr\/wp-content\/uploads\/2023\/01\/8-768x1024.jpeg\" alt=\"\" class=\"wp-image-1052\" srcset=\"https:\/\/ehl.com.tr\/wp-content\/uploads\/2023\/01\/8-768x1024.jpeg 768w, https:\/\/ehl.com.tr\/wp-content\/uploads\/2023\/01\/8-225x300.jpeg 225w, https:\/\/ehl.com.tr\/wp-content\/uploads\/2023\/01\/8-1152x1536.jpeg 1152w, https:\/\/ehl.com.tr\/wp-content\/uploads\/2023\/01\/8-600x800.jpeg 600w, https:\/\/ehl.com.tr\/wp-content\/uploads\/2023\/01\/8.jpeg 1200w\" sizes=\"(max-width: 768px) 100vw, 768px\" \/><\/figure><\/figure>","protected":false},"excerpt":{"rendered":"","protected":false},"author":1,"featured_media":0,"parent":0,"menu_order":0,"comment_status":"closed","ping_status":"closed","template":"","meta":{"inline_featured_image":false,"footnotes":""},"class_list":["post-1011","page","type-page","status-publish","hentry"],"_links":{"self":[{"href":"https:\/\/ehl.com.tr\/index.php\/wp-json\/wp\/v2\/pages\/1011","targetHints":{"allow":["GET"]}}],"collection":[{"href":"https:\/\/ehl.com.tr\/index.php\/wp-json\/wp\/v2\/pages"}],"about":[{"href":"https:\/\/ehl.com.tr\/index.php\/wp-json\/wp\/v2\/types\/page"}],"author":[{"embeddable":true,"href":"https:\/\/ehl.com.tr\/index.php\/wp-json\/wp\/v2\/users\/1"}],"replies":[{"embeddable":true,"href":"https:\/\/ehl.com.tr\/index.php\/wp-json\/wp\/v2\/comments?post=1011"}],"version-history":[{"count":2,"href":"https:\/\/ehl.com.tr\/index.php\/wp-json\/wp\/v2\/pages\/1011\/revisions"}],"predecessor-version":[{"id":1053,"href":"https:\/\/ehl.com.tr\/index.php\/wp-json\/wp\/v2\/pages\/1011\/revisions\/1053"}],"wp:attachment":[{"href":"https:\/\/ehl.com.tr\/index.php\/wp-json\/wp\/v2\/media?parent=1011"}],"curies":[{"name":"wp","href":"https:\/\/api.w.org\/{rel}","templated":true}]}}