{"id":1006,"date":"2023-01-11T14:29:03","date_gmt":"2023-01-11T14:29:03","guid":{"rendered":"https:\/\/ehl.com.tr\/?page_id=1006"},"modified":"2023-01-11T14:29:04","modified_gmt":"2023-01-11T14:29:04","slug":"acik-yuk-tasimaciligi","status":"publish","type":"page","link":"https:\/\/ehl.com.tr\/index.php\/acik-yuk-tasimaciligi\/","title":{"rendered":"<a href=\"https:\/\/ehl.com.tr\/wp-admin\/post.php?post=864&amp;action=edit\">A\u00c7IK Y\u00dcK TA\u015eIMACILI\u011eI<\/a>"},"content":{"rendered":"<figure class=\"wp-block-image size-full\"><img fetchpriority=\"high\" decoding=\"async\" width=\"1024\" height=\"768\" src=\"https:\/\/ehl.com.tr\/wp-content\/uploads\/2022\/10\/f8665a16-e56f-45a1-b21f-e6fcac2cddb0.jpeg\" alt=\"\" class=\"wp-image-938\" srcset=\"https:\/\/ehl.com.tr\/wp-content\/uploads\/2022\/10\/f8665a16-e56f-45a1-b21f-e6fcac2cddb0.jpeg 1024w, https:\/\/ehl.com.tr\/wp-content\/uploads\/2022\/10\/f8665a16-e56f-45a1-b21f-e6fcac2cddb0-300x225.jpeg 300w, https:\/\/ehl.com.tr\/wp-content\/uploads\/2022\/10\/f8665a16-e56f-45a1-b21f-e6fcac2cddb0-768x576.jpeg 768w, https:\/\/ehl.com.tr\/wp-content\/uploads\/2022\/10\/f8665a16-e56f-45a1-b21f-e6fcac2cddb0-600x450.jpeg 600w\" sizes=\"(max-width: 1024px) 100vw, 1024px\" \/><\/figure>","protected":false},"excerpt":{"rendered":"","protected":false},"author":1,"featured_media":0,"parent":0,"menu_order":0,"comment_status":"closed","ping_status":"closed","template":"","meta":{"inline_featured_image":false,"footnotes":""},"class_list":["post-1006","page","type-page","status-publish","hentry"],"_links":{"self":[{"href":"https:\/\/ehl.com.tr\/index.php\/wp-json\/wp\/v2\/pages\/1006","targetHints":{"allow":["GET"]}}],"collection":[{"href":"https:\/\/ehl.com.tr\/index.php\/wp-json\/wp\/v2\/pages"}],"about":[{"href":"https:\/\/ehl.com.tr\/index.php\/wp-json\/wp\/v2\/types\/page"}],"author":[{"embeddable":true,"href":"https:\/\/ehl.com.tr\/index.php\/wp-json\/wp\/v2\/users\/1"}],"replies":[{"embeddable":true,"href":"https:\/\/ehl.com.tr\/index.php\/wp-json\/wp\/v2\/comments?post=1006"}],"version-history":[{"count":1,"href":"https:\/\/ehl.com.tr\/index.php\/wp-json\/wp\/v2\/pages\/1006\/revisions"}],"predecessor-version":[{"id":1007,"href":"https:\/\/ehl.com.tr\/index.php\/wp-json\/wp\/v2\/pages\/1006\/revisions\/1007"}],"wp:attachment":[{"href":"https:\/\/ehl.com.tr\/index.php\/wp-json\/wp\/v2\/media?parent=1006"}],"curies":[{"name":"wp","href":"https:\/\/api.w.org\/{rel}","templated":true}]}}